{"id":2099,"date":"2023-08-10T09:55:21","date_gmt":"2023-08-10T09:55:21","guid":{"rendered":"http:\/\/recyclewithenergizer.com\/?page_id=2099"},"modified":"2023-08-22T03:36:49","modified_gmt":"2023-08-22T03:36:49","slug":"local-impact","status":"publish","type":"page","link":"https:\/\/recyclewithenergizer.com\/fr\/local-impact\/","title":{"rendered":"Local Impact"},"content":{"rendered":"\t\t<div data-elementor-type=\"wp-page\" data-elementor-id=\"2099\" class=\"elementor elementor-2099\" data-elementor-post-type=\"page\">\n\t\t\t\t<div class=\"elementor-element elementor-element-1aadae6 e-flex e-con-boxed e-con e-parent\" data-id=\"1aadae6\" data-element_type=\"container\" data-e-type=\"container\">\n\t\t\t\t\t<div class=\"e-con-inner\">\n\t\t\t\t<div class=\"elementor-element elementor-element-18fa5c6 elementor-widget elementor-widget-image\" data-id=\"18fa5c6\" data-element_type=\"widget\" data-e-type=\"widget\" data-widget_type=\"image.default\">\n\t\t\t\t\t\t\t\t\t\t\t\t\t\t\t<img fetchpriority=\"high\" decoding=\"async\" width=\"1920\" height=\"686\" src=\"https:\/\/recyclewithenergizer.com\/wp-content\/uploads\/2023\/08\/forest-wide.jpg\" class=\"attachment-full size-full wp-image-2133\" alt=\"\" srcset=\"https:\/\/recyclewithenergizer.com\/wp-content\/uploads\/2023\/08\/forest-wide.jpg 1920w, https:\/\/recyclewithenergizer.com\/wp-content\/uploads\/2023\/08\/forest-wide-300x107.jpg 300w, https:\/\/recyclewithenergizer.com\/wp-content\/uploads\/2023\/08\/forest-wide-1024x366.jpg 1024w, https:\/\/recyclewithenergizer.com\/wp-content\/uploads\/2023\/08\/forest-wide-768x274.jpg 768w, https:\/\/recyclewithenergizer.com\/wp-content\/uploads\/2023\/08\/forest-wide-1536x549.jpg 1536w, https:\/\/recyclewithenergizer.com\/wp-content\/uploads\/2023\/08\/forest-wide-1568x560.jpg 1568w\" sizes=\"(max-width: 1920px) 100vw, 1920px\" style=\"width:100%;height:35.73%;max-width:1920px\" \/>\t\t\t\t\t\t\t\t\t\t\t\t\t\t\t<\/div>\n\t\t\t\t\t<\/div>\n\t\t\t\t<\/div>\n\t\t<div class=\"elementor-element elementor-element-267ae9a e-grid e-con-boxed e-con e-parent\" data-id=\"267ae9a\" data-element_type=\"container\" data-e-type=\"container\" data-settings=\"{&quot;background_background&quot;:&quot;classic&quot;,&quot;animation&quot;:&quot;none&quot;}\">\n\t\t\t\t\t<div class=\"e-con-inner\">\n\t\t<div class=\"elementor-element elementor-element-96b51f8 e-con-full e-flex elementor-invisible e-con e-child\" data-id=\"96b51f8\" data-element_type=\"container\" data-e-type=\"container\" data-settings=\"{&quot;animation&quot;:&quot;fadeInUp&quot;,&quot;background_background&quot;:&quot;classic&quot;}\">\n\t\t\t\t<div class=\"elementor-element elementor-element-950d4b0 elementor-widget elementor-widget-heading\" data-id=\"950d4b0\" data-element_type=\"widget\" data-e-type=\"widget\" data-widget_type=\"heading.default\">\n\t\t\t\t\t<h2 class=\"elementor-heading-title elementor-size-default\">Reforest Action<\/h2>\t\t\t\t<\/div>\n\t\t\t\t<div class=\"elementor-element elementor-element-4c2734b elementor-widget elementor-widget-text-editor\" data-id=\"4c2734b\" data-element_type=\"widget\" data-e-type=\"widget\" data-widget_type=\"text-editor.default\">\n\t\t\t\t\t\t\t\t\tSp\u00e9cialiste de la for\u00eat, Reforest\u2019Action est une entreprise fran\u00e7aise certifi\u00e9e B Corp fond\u00e9e en 2010. Gr\u00e2ce \u00e0 leur mod\u00e8le unique de crowdplanting, ils ont aujourd\u2019hui financ\u00e9 plus de 23 millions d\u2019arbres dans 42 pays gr\u00e2ce \u00e0 l&#8217;engagement de 3 000 entreprises et de 400 000 citoyens.\t\t\t\t\t\t\t\t<\/div>\n\t\t\t\t<\/div>\n\t\t<div class=\"elementor-element elementor-element-1d1f938 e-con-full e-flex elementor-invisible e-con e-child\" data-id=\"1d1f938\" data-element_type=\"container\" data-e-type=\"container\" data-settings=\"{&quot;animation&quot;:&quot;fadeInUp&quot;,&quot;background_background&quot;:&quot;classic&quot;}\">\n\t\t\t\t<div class=\"elementor-element elementor-element-00341ac elementor-widget elementor-widget-heading\" data-id=\"00341ac\" data-element_type=\"widget\" data-e-type=\"widget\" data-widget_type=\"heading.default\">\n\t\t\t\t\t<h2 class=\"elementor-heading-title elementor-size-default\">Leur mission<\/h2>\t\t\t\t<\/div>\n\t\t\t\t<div class=\"elementor-element elementor-element-f5018b1 elementor-widget__width-initial elementor-widget elementor-widget-text-editor\" data-id=\"f5018b1\" data-element_type=\"widget\" data-e-type=\"widget\" data-widget_type=\"text-editor.default\">\n\t\t\t\t\t\t\t\t\tPr\u00e9server, restaurer et cr\u00e9er des for\u00eats partout dans le monde pour d\u00e9velopper dans la dur\u00e9e leurs multiples b\u00e9n\u00e9fices environnementaux, sociaux et \u00e9conomiques.\t\t\t\t\t\t\t\t<\/div>\n\t\t\t\t<\/div>\n\t\t<div class=\"elementor-element elementor-element-025f91e e-con-full e-flex elementor-invisible e-con e-child\" data-id=\"025f91e\" data-element_type=\"container\" data-e-type=\"container\" data-settings=\"{&quot;animation&quot;:&quot;fadeInUp&quot;,&quot;background_background&quot;:&quot;classic&quot;}\">\n\t\t\t\t<div class=\"elementor-element elementor-element-9d43e87 elementor-widget elementor-widget-heading\" data-id=\"9d43e87\" data-element_type=\"widget\" data-e-type=\"widget\" data-widget_type=\"heading.default\">\n\t\t\t\t\t<h2 class=\"elementor-heading-title elementor-size-default\">Leur ambition<\/h2>\t\t\t\t<\/div>\n\t\t\t\t<div class=\"elementor-element elementor-element-f999918 elementor-widget__width-initial elementor-widget elementor-widget-text-editor\" data-id=\"f999918\" data-element_type=\"widget\" data-e-type=\"widget\" data-widget_type=\"text-editor.default\">\n\t\t\t\t\t\t\t\t\tContribuer \u00e0 la cr\u00e9ation de nouveaux mod\u00e8les de soci\u00e9t\u00e9s durables en apportant une r\u00e9ponse concr\u00e8te et d\u2019envergure \u00e0 l\u2019urgence climatique et \u00e0 l\u2019\u00e9rosion de la biodiversit\u00e9, deux grands enjeux qui conditionnent l&#8217;avenir de l&#8217;humanit\u00e9.\t\t\t\t\t\t\t\t<\/div>\n\t\t\t\t<\/div>\n\t\t\t\t\t<\/div>\n\t\t\t\t<\/div>\n\t\t<div class=\"elementor-element elementor-element-c372df4 e-flex e-con-boxed e-con e-parent\" data-id=\"c372df4\" data-element_type=\"container\" data-e-type=\"container\" data-settings=\"{&quot;background_background&quot;:&quot;classic&quot;}\">\n\t\t\t\t\t<div class=\"e-con-inner\">\n\t\t\t\t<div class=\"elementor-element elementor-element-4bd86ad elementor-widget elementor-widget-text-editor\" data-id=\"4bd86ad\" data-element_type=\"widget\" data-e-type=\"widget\" data-widget_type=\"text-editor.default\">\n\t\t\t\t\t\t\t\t\tDe mai \u00e0 septembre 2023, Energizer prend part \u00e0 ce mouvement et investit aupr\u00e8s de Reforest Action au travers de 15000 arbres plant\u00e9s en France et dans le monde.\t\t\t\t\t\t\t\t<\/div>\n\t\t\t\t\t<\/div>\n\t\t\t\t<\/div>\n\t\t<div class=\"elementor-element elementor-element-d6c0a17 e-grid e-con-boxed e-con e-parent\" data-id=\"d6c0a17\" data-element_type=\"container\" data-e-type=\"container\" id=\"packaging\">\n\t\t\t\t\t<div class=\"e-con-inner\">\n\t\t\t\t<div class=\"elementor-element elementor-element-7ff825f elementor-widget elementor-widget-heading\" data-id=\"7ff825f\" data-element_type=\"widget\" data-e-type=\"widget\" data-widget_type=\"heading.default\">\n\t\t\t\t\t<h2 class=\"elementor-heading-title elementor-size-default\">RECYCLER SES PILES C\u2019EST FACILE ET C\u2019EST UTILE<\/h2>\t\t\t\t<\/div>\n\t\t\t\t\t<\/div>\n\t\t\t\t<\/div>\n\t\t<div class=\"elementor-element elementor-element-cd348c9 e-flex e-con-boxed e-con e-parent\" data-id=\"cd348c9\" data-element_type=\"container\" data-e-type=\"container\">\n\t\t\t\t\t<div class=\"e-con-inner\">\n\t\t<div class=\"elementor-element elementor-element-69a8d6d e-con-full e-flex elementor-invisible e-con e-child\" data-id=\"69a8d6d\" data-element_type=\"container\" data-e-type=\"container\" data-settings=\"{&quot;animation&quot;:&quot;fadeInUp&quot;}\">\n\t\t\t\t<div class=\"elementor-element elementor-element-4955708 elementor-widget elementor-widget-image\" data-id=\"4955708\" data-element_type=\"widget\" data-e-type=\"widget\" data-widget_type=\"image.default\">\n\t\t\t\t\t\t\t\t\t\t\t\t\t\t\t<img decoding=\"async\" src=\"https:\/\/recyclewithenergizer.com\/wp-content\/uploads\/2023\/08\/1-1.jpg\" title=\"1\" alt=\"1\" loading=\"lazy\" \/>\t\t\t\t\t\t\t\t\t\t\t\t\t\t\t<\/div>\n\t\t\t\t<\/div>\n\t\t<div class=\"elementor-element elementor-element-e78eb68 e-con-full e-flex elementor-invisible e-con e-child\" data-id=\"e78eb68\" data-element_type=\"container\" data-e-type=\"container\" data-settings=\"{&quot;animation&quot;:&quot;fadeInUp&quot;}\">\n\t\t\t\t<div class=\"elementor-element elementor-element-4961ed8 elementor-widget__width-initial elementor-widget elementor-widget-text-editor\" data-id=\"4961ed8\" data-element_type=\"widget\" data-e-type=\"widget\" data-widget_type=\"text-editor.default\">\n\t\t\t\t\t\t\t\t\tToutes les piles et batteries usag\u00e9es se recyclent, y compris les piles rechargeables et les batteries de v\u00e9lo \u00e9lectriques et autres moyens de transport l\u00e9ger.\t\t\t\t\t\t\t\t<\/div>\n\t\t\t\t<\/div>\n\t\t\t\t\t<\/div>\n\t\t\t\t<\/div>\n\t\t<div class=\"elementor-element elementor-element-9d858fc e-flex e-con-boxed e-con e-parent\" data-id=\"9d858fc\" data-element_type=\"container\" data-e-type=\"container\">\n\t\t\t\t\t<div class=\"e-con-inner\">\n\t\t<div class=\"elementor-element elementor-element-6d83061 e-con-full e-flex elementor-invisible e-con e-child\" data-id=\"6d83061\" data-element_type=\"container\" data-e-type=\"container\" data-settings=\"{&quot;animation&quot;:&quot;fadeInUp&quot;}\">\n\t\t\t\t<div class=\"elementor-element elementor-element-d18a7d7 elementor-widget__width-initial elementor-widget elementor-widget-text-editor\" data-id=\"d18a7d7\" data-element_type=\"widget\" data-e-type=\"widget\" data-widget_type=\"text-editor.default\">\n\t\t\t\t\t\t\t\t\tNe les jetez pas dans les ordures m\u00e9nag\u00e8res et stockez-les dans un conteneur comme le \u201ccube \u00e0 piles\u201d Corepile. C\u2019est pratique pour stocker les piles usag\u00e9es et il y a toutes les informations importantes dessus\u00a0:\t\t\t\t\t\t\t\t<\/div>\n\t\t\t\t<\/div>\n\t\t\t\t<div class=\"elementor-element elementor-element-02d9fff elementor-widget__width-initial elementor-invisible elementor-widget elementor-widget-image\" data-id=\"02d9fff\" data-element_type=\"widget\" data-e-type=\"widget\" data-settings=\"{&quot;_animation&quot;:&quot;fadeInUp&quot;}\" data-widget_type=\"image.default\">\n\t\t\t\t\t\t\t\t\t\t\t\t\t\t\t<img decoding=\"async\" src=\"https:\/\/recyclewithenergizer.com\/wp-content\/uploads\/2023\/08\/Screenshot-2023-08-10-155146.png\" title=\"Screenshot 2023-08-10 155146\" alt=\"Screenshot 2023-08-10 155146\" loading=\"lazy\" \/>\t\t\t\t\t\t\t\t\t\t\t\t\t\t\t<\/div>\n\t\t\t\t\t<\/div>\n\t\t\t\t<\/div>\n\t\t<div class=\"elementor-element elementor-element-5e6e8a6 e-flex e-con-boxed e-con e-parent\" data-id=\"5e6e8a6\" data-element_type=\"container\" data-e-type=\"container\" data-settings=\"{&quot;background_background&quot;:&quot;classic&quot;}\">\n\t\t\t\t\t<div class=\"e-con-inner\">\n\t\t\t\t<div class=\"elementor-element elementor-element-6b26c89 elementor-widget__width-initial elementor-widget elementor-widget-text-editor\" data-id=\"6b26c89\" data-element_type=\"widget\" data-e-type=\"widget\" data-widget_type=\"text-editor.default\">\n\t\t\t\t\t\t\t\t\tPensez bien \u00e0 retirer les piles et batteries de vos vieux appareils ! En moyenne, chaque foyer fran\u00e7ais poss\u00e8de 104 piles ou batteries, soit 5 fois plus qu\u2019on ne pense ! Rapportez-les dans un des 32 500 points de collecte Corepile : magasins, d\u00e9chetteries, entreprises, administrations\u2026 Trouvez rapidement le point de collecte le plus proche de chez vous sur <a href=\"https:\/\/www.jerecyclemespiles.com\" target=\"_blank\" style=\"color:#fff; text-decoration:underline;\">www.jerecyclemespiles.com<\/a>\t\t\t\t\t\t\t\t<\/div>\n\t\t\t\t\t<\/div>\n\t\t\t\t<\/div>\n\t\t<div class=\"elementor-element elementor-element-363de68 e-flex e-con-boxed e-con e-parent\" data-id=\"363de68\" data-element_type=\"container\" data-e-type=\"container\" data-settings=\"{&quot;background_background&quot;:&quot;classic&quot;,&quot;animation&quot;:&quot;none&quot;}\">\n\t\t\t\t\t<div class=\"e-con-inner\">\n\t\t<div class=\"elementor-element elementor-element-0bcb7d2 e-con-full e-flex elementor-invisible e-con e-child\" data-id=\"0bcb7d2\" data-element_type=\"container\" data-e-type=\"container\" data-settings=\"{&quot;animation&quot;:&quot;fadeInUp&quot;}\">\n\t\t\t\t<div class=\"elementor-element elementor-element-715a5a9 elementor-widget__width-initial elementor-widget elementor-widget-image\" data-id=\"715a5a9\" data-element_type=\"widget\" data-e-type=\"widget\" data-widget_type=\"image.default\">\n\t\t\t\t\t\t\t\t\t\t\t\t\t\t\t<img decoding=\"async\" width=\"262\" height=\"232\" src=\"https:\/\/recyclewithenergizer.com\/wp-content\/uploads\/2023\/08\/3.png\" class=\"attachment-large size-large wp-image-2179\" alt=\"\" style=\"width:100%;height:88.55%;max-width:262px\" \/>\t\t\t\t\t\t\t\t\t\t\t\t\t\t\t<\/div>\n\t\t\t\t<\/div>\n\t\t<div class=\"elementor-element elementor-element-d3dd375 e-con-full e-flex elementor-invisible e-con e-child\" data-id=\"d3dd375\" data-element_type=\"container\" data-e-type=\"container\" data-settings=\"{&quot;animation&quot;:&quot;fadeInUp&quot;}\">\n\t\t\t\t<div class=\"elementor-element elementor-element-3576958 elementor-widget__width-initial elementor-widget elementor-widget-text-editor\" data-id=\"3576958\" data-element_type=\"widget\" data-e-type=\"widget\" data-widget_type=\"text-editor.default\">\n\t\t\t\t\t\t\t\t\tJusqu\u2019\u00e0 80 % d\u2019une pile ou batterie est recycl\u00e9e en m\u00e9taux pour \u00eatre utile au quotidien.\t\t\t\t\t\t\t\t<\/div>\n\t\t\t\t<\/div>\n\t\t\t\t\t<\/div>\n\t\t\t\t<\/div>\n\t\t<div class=\"elementor-element elementor-element-57dd9f7 e-flex e-con-boxed e-con e-parent\" data-id=\"57dd9f7\" data-element_type=\"container\" data-e-type=\"container\">\n\t\t\t\t\t<div class=\"e-con-inner\">\n\t\t<div class=\"elementor-element elementor-element-8041dfe e-con-full e-flex elementor-invisible e-con e-child\" data-id=\"8041dfe\" data-element_type=\"container\" data-e-type=\"container\" data-settings=\"{&quot;animation&quot;:&quot;fadeInUp&quot;}\">\n\t\t\t\t<div class=\"elementor-element elementor-element-f1ed6e4 elementor-widget elementor-widget-image\" data-id=\"f1ed6e4\" data-element_type=\"widget\" data-e-type=\"widget\" data-widget_type=\"image.default\">\n\t\t\t\t\t\t\t\t\t\t\t\t\t\t\t<img decoding=\"async\" width=\"476\" height=\"347\" src=\"https:\/\/recyclewithenergizer.com\/wp-content\/uploads\/2023\/08\/5.png\" class=\"attachment-full size-full wp-image-2194\" alt=\"\" srcset=\"https:\/\/recyclewithenergizer.com\/wp-content\/uploads\/2023\/08\/5.png 476w, https:\/\/recyclewithenergizer.com\/wp-content\/uploads\/2023\/08\/5-300x219.png 300w\" sizes=\"(max-width: 476px) 100vw, 476px\" style=\"width:100%;height:72.9%;max-width:476px\" \/>\t\t\t\t\t\t\t\t\t\t\t\t\t\t\t<\/div>\n\t\t\t\t<\/div>\n\t\t<div class=\"elementor-element elementor-element-20f80ca e-con-full e-flex elementor-invisible e-con e-child\" data-id=\"20f80ca\" data-element_type=\"container\" data-e-type=\"container\" data-settings=\"{&quot;animation&quot;:&quot;fadeInUp&quot;}\">\n\t\t\t\t<div class=\"elementor-element elementor-element-a25ab46 elementor-widget elementor-widget-heading\" data-id=\"a25ab46\" data-element_type=\"widget\" data-e-type=\"widget\" data-widget_type=\"heading.default\">\n\t\t\t\t\t<h2 class=\"elementor-heading-title elementor-size-default\">QUI EST COREPILE \u00a0?<\/h2>\t\t\t\t<\/div>\n\t\t\t\t<div class=\"elementor-element elementor-element-ddfdd01 elementor-widget__width-initial elementor-widget elementor-widget-text-editor\" data-id=\"ddfdd01\" data-element_type=\"widget\" data-e-type=\"widget\" data-widget_type=\"text-editor.default\">\n\t\t\t\t\t\t\t\t\t<p>Energizer est l\u2019un des actionnaires fondateurs de Corepile, \u00e9co-organisme sans but lucratif et sous agr\u00e9ment d&#8217;\u00c9tat qui organise et d\u00e9veloppe la collecte et le recyclage des piles et batteries portables usag\u00e9es, issues de la consommation des m\u00e9nages et des professionnels.&nbsp;<\/p><p><br><\/p><p>Depuis 1999, la mission premi\u00e8re de Corepile est de d\u00e9velopper, en France m\u00e9tropolitaine et dans les DOM-COM, la collecte s\u00e9lective et le recyclage de toutes les cat\u00e9gories de piles et batteries afin de contribuer \u00e0 d\u00e9passer l\u2019objectif national de taux de collecte de 45% en atteignant 56,8% en 2021.&nbsp;<\/p><p><br><\/p><p>Leader en France avec 2\/3 des mises en march\u00e9 et de la collecte, Corepile a recycl\u00e9 plus de 100 000 tonnes depuis 1999 soit le poids de 15 Tours Eiffel ! Avec 10 044 tonnes en 2021, c\u2019est pr\u00e8s d\u2019une pile sur 2 vendues qui sont collect\u00e9es et recycl\u00e9es chaque ann\u00e9e. Avec Corepile, collecter ses piles c\u2019est facile et les recycler c\u2019est utile !<\/p>\t\t\t\t\t\t\t\t<\/div>\n\t\t\t\t<\/div>\n\t\t\t\t\t<\/div>\n\t\t\t\t<\/div>\n\t\t<div class=\"elementor-element elementor-element-af43945 e-grid e-con-boxed e-con e-parent\" data-id=\"af43945\" data-element_type=\"container\" data-e-type=\"container\" id=\"climate\">\n\t\t\t\t\t<div class=\"e-con-inner\">\n\t\t<div class=\"elementor-element elementor-element-cf91ec7 e-con-full e-flex elementor-invisible e-con e-child\" data-id=\"cf91ec7\" data-element_type=\"container\" data-e-type=\"container\" data-settings=\"{&quot;animation&quot;:&quot;fadeInUp&quot;}\">\n\t\t\t\t<div class=\"elementor-element elementor-element-2aeb067 elementor-widget elementor-widget-heading\" data-id=\"2aeb067\" data-element_type=\"widget\" data-e-type=\"widget\" data-widget_type=\"heading.default\">\n\t\t\t\t\t<h2 class=\"elementor-heading-title elementor-size-default\">D\u00e9couvrez les coulisses du recyclage avec C\u00e9cile Djunga\u00a0: <\/h2>\t\t\t\t<\/div>\n\t\t\t\t<\/div>\n\t\t\t\t<div class=\"elementor-element elementor-element-a273694 elementor-widget elementor-widget-video\" data-id=\"a273694\" data-element_type=\"widget\" data-e-type=\"widget\" data-settings=\"{&quot;youtube_url&quot;:&quot;https:\\\/\\\/www.youtube.com\\\/watch?v=5Pu5WB2FC3c&amp;ab_channel=JeRecyclemesPiles&quot;,&quot;video_type&quot;:&quot;youtube&quot;,&quot;controls&quot;:&quot;yes&quot;}\" data-widget_type=\"video.default\">\n\t\t\t\t\t\t\t<div class=\"elementor-wrapper elementor-open-inline\">\n\t\t\t<div class=\"elementor-video\"><\/div>\t\t<\/div>\n\t\t\t\t\t\t<\/div>\n\t\t\t\t\t<\/div>\n\t\t\t\t<\/div>\n\t\t\t\t<\/div>\n\t\t","protected":false},"excerpt":{"rendered":"<p>Reforest Action Sp\u00e9cialiste de la for\u00eat, Reforest\u2019Action est une entreprise fran\u00e7aise certifi\u00e9e B Corp fond\u00e9e en 2010. Gr\u00e2ce \u00e0 leur mod\u00e8le unique de crowdplanting, ils ont aujourd\u2019hui financ\u00e9 plus de 23 millions d\u2019arbres dans 42 pays gr\u00e2ce \u00e0 l&#8217;engagement de 3 000 entreprises et de 400 000 citoyens. Leur mission Pr\u00e9server, restaurer et cr\u00e9er des&hellip; <a class=\"more-link\" href=\"https:\/\/recyclewithenergizer.com\/fr\/local-impact\/\">Continue reading <span class=\"screen-reader-text\">Local Impact<\/span><\/a><\/p>\n","protected":false},"author":1,"featured_media":0,"parent":0,"menu_order":0,"comment_status":"closed","ping_status":"closed","template":"elementor_header_footer","meta":{"footnotes":""},"class_list":["post-2099","page","type-page","status-publish","hentry","entry"],"_links":{"self":[{"href":"https:\/\/recyclewithenergizer.com\/fr\/wp-json\/wp\/v2\/pages\/2099","targetHints":{"allow":["GET"]}}],"collection":[{"href":"https:\/\/recyclewithenergizer.com\/fr\/wp-json\/wp\/v2\/pages"}],"about":[{"href":"https:\/\/recyclewithenergizer.com\/fr\/wp-json\/wp\/v2\/types\/page"}],"author":[{"embeddable":true,"href":"https:\/\/recyclewithenergizer.com\/fr\/wp-json\/wp\/v2\/users\/1"}],"replies":[{"embeddable":true,"href":"https:\/\/recyclewithenergizer.com\/fr\/wp-json\/wp\/v2\/comments?post=2099"}],"version-history":[{"count":102,"href":"https:\/\/recyclewithenergizer.com\/fr\/wp-json\/wp\/v2\/pages\/2099\/revisions"}],"predecessor-version":[{"id":2849,"href":"https:\/\/recyclewithenergizer.com\/fr\/wp-json\/wp\/v2\/pages\/2099\/revisions\/2849"}],"wp:attachment":[{"href":"https:\/\/recyclewithenergizer.com\/fr\/wp-json\/wp\/v2\/media?parent=2099"}],"curies":[{"name":"wp","href":"https:\/\/api.w.org\/{rel}","templated":true}]}}